 {"id":2796,"date":"2024-08-06T07:36:39","date_gmt":"2024-08-06T12:36:39","guid":{"rendered":"https:\/\/gmtvlatinos.com\/?post_type=product&#038;p=2796"},"modified":"2024-08-08T15:45:29","modified_gmt":"2024-08-08T20:45:29","slug":"base-ultra-hd-alice-academy","status":"publish","type":"product","link":"https:\/\/gmtvlatinos.com\/index.php\/producto\/base-ultra-hd-alice-academy\/","title":{"rendered":"Base Ultra HD Alice Academy"},"content":{"rendered":"<p>La base de <strong>ALICE ACADEMY<\/strong> es ideal en pieles mixtas a grasas, gracias a su extracto hidratante, permite dar un efecto de una piel m\u00e1s lisa y tersa, ayudando as\u00ed a disimular imperfecciones. Su acabado HD te permite un photo finish, es decir, est\u00e1 creada para que funcione en fotograf\u00eda y televisi\u00f3n, su cobertura es media a alta.<\/p>\n","protected":false},"excerpt":{"rendered":"<p>La base de <strong>ALICE ACADEMY<\/strong> es ideal en pieles mixtas a grasas<\/p>\n","protected":false},"featured_media":2797,"comment_status":"open","ping_status":"closed","template":"","meta":{"om_disable_all_campaigns":false,"_monsterinsights_skip_tracking":false,"_monsterinsights_sitenote_active":false,"_monsterinsights_sitenote_note":"","_monsterinsights_sitenote_category":0},"product_cat":[597,596],"product_tag":[],"class_list":{"0":"post-2796","1":"product","2":"type-product","3":"status-publish","4":"has-post-thumbnail","6":"product_cat-alice-academy","7":"product_cat-maquillaje","9":"first","10":"instock","11":"shipping-taxable","12":"purchasable","13":"product-type-simple"},"jetpack_sharing_enabled":true,"amp_enabled":false,"_links":{"self":[{"href":"https:\/\/gmtvlatinos.com\/index.php\/wp-json\/wp\/v2\/product\/2796","targetHints":{"allow":["GET"]}}],"collection":[{"href":"https:\/\/gmtvlatinos.com\/index.php\/wp-json\/wp\/v2\/product"}],"about":[{"href":"https:\/\/gmtvlatinos.com\/index.php\/wp-json\/wp\/v2\/types\/product"}],"replies":[{"embeddable":true,"href":"https:\/\/gmtvlatinos.com\/index.php\/wp-json\/wp\/v2\/comments?post=2796"}],"wp:featuredmedia":[{"embeddable":true,"href":"https:\/\/gmtvlatinos.com\/index.php\/wp-json\/wp\/v2\/media\/2797"}],"wp:attachment":[{"href":"https:\/\/gmtvlatinos.com\/index.php\/wp-json\/wp\/v2\/media?parent=2796"}],"wp:term":[{"taxonomy":"product_cat","embeddable":true,"href":"https:\/\/gmtvlatinos.com\/index.php\/wp-json\/wp\/v2\/product_cat?post=2796"},{"taxonomy":"product_tag","embeddable":true,"href":"https:\/\/gmtvlatinos.com\/index.php\/wp-json\/wp\/v2\/product_tag?post=2796"}],"curies":[{"name":"wp","href":"https:\/\/api.w.org\/{rel}","templated":true}]}}