 {"id":2801,"date":"2024-08-06T08:53:49","date_gmt":"2024-08-06T13:53:49","guid":{"rendered":"https:\/\/gmtvlatinos.com\/?post_type=product&#038;p=2801"},"modified":"2024-08-08T15:44:44","modified_gmt":"2024-08-08T20:44:44","slug":"bbcc-cream","status":"publish","type":"product","link":"https:\/\/gmtvlatinos.com\/index.php\/producto\/bbcc-cream\/","title":{"rendered":"BB+CC CREAM Alice Academy"},"content":{"rendered":"<p>Esta crema hidratante con correcci\u00f3n de color est\u00e1 dise\u00f1ada para aclarar y mejorar la apariencia de la piel con el uso continuo, aportando luminosidad y un tono parejo. Su textura es similar a la de un s\u00e9rum, y su f\u00f3rmula contiene manteca de karit\u00e9 marina y aceite de granada, conocidos por sus propiedades antioxidantes. Esta crema multivitam\u00ednica es apta para todo tipo de piel.<\/p>\n","protected":false},"excerpt":{"rendered":"<p>Esta crema hidratante con correcci\u00f3n de color est\u00e1 dise\u00f1ada para aclarar y mejorar la apariencia de la piel con el uso continuo, aportando luminosidad y un tono parejo. Su textura es similar a la de un s\u00e9rum, y su f\u00f3rmula contiene manteca de karit\u00e9 marina y aceite de granada, conocidos por sus propiedades antioxidantes. Esta crema multivitam\u00ednica es apta para todo tipo de piel.<\/p>\n","protected":false},"featured_media":2802,"comment_status":"open","ping_status":"closed","template":"","meta":{"om_disable_all_campaigns":false,"_monsterinsights_skip_tracking":false,"_monsterinsights_sitenote_active":false,"_monsterinsights_sitenote_note":"","_monsterinsights_sitenote_category":0},"product_cat":[597,596],"product_tag":[],"class_list":{"0":"post-2801","1":"product","2":"type-product","3":"status-publish","4":"has-post-thumbnail","6":"product_cat-alice-academy","7":"product_cat-maquillaje","9":"first","10":"instock","11":"shipping-taxable","12":"purchasable","13":"product-type-simple"},"jetpack_sharing_enabled":true,"amp_enabled":false,"_links":{"self":[{"href":"https:\/\/gmtvlatinos.com\/index.php\/wp-json\/wp\/v2\/product\/2801","targetHints":{"allow":["GET"]}}],"collection":[{"href":"https:\/\/gmtvlatinos.com\/index.php\/wp-json\/wp\/v2\/product"}],"about":[{"href":"https:\/\/gmtvlatinos.com\/index.php\/wp-json\/wp\/v2\/types\/product"}],"replies":[{"embeddable":true,"href":"https:\/\/gmtvlatinos.com\/index.php\/wp-json\/wp\/v2\/comments?post=2801"}],"wp:featuredmedia":[{"embeddable":true,"href":"https:\/\/gmtvlatinos.com\/index.php\/wp-json\/wp\/v2\/media\/2802"}],"wp:attachment":[{"href":"https:\/\/gmtvlatinos.com\/index.php\/wp-json\/wp\/v2\/media?parent=2801"}],"wp:term":[{"taxonomy":"product_cat","embeddable":true,"href":"https:\/\/gmtvlatinos.com\/index.php\/wp-json\/wp\/v2\/product_cat?post=2801"},{"taxonomy":"product_tag","embeddable":true,"href":"https:\/\/gmtvlatinos.com\/index.php\/wp-json\/wp\/v2\/product_tag?post=2801"}],"curies":[{"name":"wp","href":"https:\/\/api.w.org\/{rel}","templated":true}]}}