 {"id":2807,"date":"2024-08-06T09:12:05","date_gmt":"2024-08-06T14:12:05","guid":{"rendered":"https:\/\/gmtvlatinos.com\/?post_type=product&#038;p=2807"},"modified":"2024-08-08T15:43:30","modified_gmt":"2024-08-08T20:43:30","slug":"blush-stick-alice-academy","status":"publish","type":"product","link":"https:\/\/gmtvlatinos.com\/index.php\/producto\/blush-stick-alice-academy\/","title":{"rendered":"BLUSH STICK Alice Academy"},"content":{"rendered":"<p>Nuritro Blush Stick (rubor en barra) es pr\u00e1ctico y f\u00e1cil de utilizar. Su textura permite que sea difuminado de forma suave en el rostro. Su pigmentaci\u00f3n es perfectamente adaptable al tono de la piel. En su f\u00f3rmula se encuentran emolientes y humectantes que brindan un resultado luminoso en el maquillaje.<\/p>\n","protected":false},"excerpt":{"rendered":"<p>Nuritro Blush Stick (rubor en barra) es pr\u00e1ctico y f\u00e1cil de utilizar. Su textura permite que sea difuminado de forma suave en el rostro. Su pigmentaci\u00f3n es perfectamente adaptable al tono de la piel. En su f\u00f3rmula se encuentran emolientes y humectantes que brindan un resultado luminoso en el maquillaje.<\/p>\n","protected":false},"featured_media":2808,"comment_status":"open","ping_status":"closed","template":"","meta":{"om_disable_all_campaigns":false,"_monsterinsights_skip_tracking":false,"_monsterinsights_sitenote_active":false,"_monsterinsights_sitenote_note":"","_monsterinsights_sitenote_category":0},"product_cat":[597,596],"product_tag":[],"class_list":{"0":"post-2807","1":"product","2":"type-product","3":"status-publish","4":"has-post-thumbnail","6":"product_cat-alice-academy","7":"product_cat-maquillaje","9":"first","10":"instock","11":"shipping-taxable","12":"purchasable","13":"product-type-simple"},"jetpack_sharing_enabled":true,"amp_enabled":false,"_links":{"self":[{"href":"https:\/\/gmtvlatinos.com\/index.php\/wp-json\/wp\/v2\/product\/2807","targetHints":{"allow":["GET"]}}],"collection":[{"href":"https:\/\/gmtvlatinos.com\/index.php\/wp-json\/wp\/v2\/product"}],"about":[{"href":"https:\/\/gmtvlatinos.com\/index.php\/wp-json\/wp\/v2\/types\/product"}],"replies":[{"embeddable":true,"href":"https:\/\/gmtvlatinos.com\/index.php\/wp-json\/wp\/v2\/comments?post=2807"}],"wp:featuredmedia":[{"embeddable":true,"href":"https:\/\/gmtvlatinos.com\/index.php\/wp-json\/wp\/v2\/media\/2808"}],"wp:attachment":[{"href":"https:\/\/gmtvlatinos.com\/index.php\/wp-json\/wp\/v2\/media?parent=2807"}],"wp:term":[{"taxonomy":"product_cat","embeddable":true,"href":"https:\/\/gmtvlatinos.com\/index.php\/wp-json\/wp\/v2\/product_cat?post=2807"},{"taxonomy":"product_tag","embeddable":true,"href":"https:\/\/gmtvlatinos.com\/index.php\/wp-json\/wp\/v2\/product_tag?post=2807"}],"curies":[{"name":"wp","href":"https:\/\/api.w.org\/{rel}","templated":true}]}}