 {"id":2813,"date":"2024-08-06T09:43:08","date_gmt":"2024-08-06T14:43:08","guid":{"rendered":"https:\/\/gmtvlatinos.com\/?post_type=product&#038;p=2813"},"modified":"2024-08-08T15:41:48","modified_gmt":"2024-08-08T20:41:48","slug":"concealer-booster-pen-alice-academy","status":"publish","type":"product","link":"https:\/\/gmtvlatinos.com\/index.php\/producto\/concealer-booster-pen-alice-academy\/","title":{"rendered":"CONCEALER BOOSTER PEN Alice Academy"},"content":{"rendered":"<p>Este corrector de alta cobertura, gracias a su dise\u00f1o en pincel, permite hacer una aplicaci\u00f3n con mayor precisi\u00f3n en las zonas del rostro a corregir, como manchas, acn\u00e9 e imperfecciones. Su formulaci\u00f3n es ideal para pieles mixtas a grasas.<\/p>\n","protected":false},"excerpt":{"rendered":"<p>Este corrector de alta cobertura, gracias a su dise\u00f1o en pincel, permite hacer una aplicaci\u00f3n con mayor precisi\u00f3n en las zonas del rostro a corregir, como manchas, acn\u00e9 e imperfecciones. Su formulaci\u00f3n es ideal para pieles mixtas a grasas.<\/p>\n","protected":false},"featured_media":2814,"comment_status":"open","ping_status":"closed","template":"","meta":{"om_disable_all_campaigns":false,"_monsterinsights_skip_tracking":false,"_monsterinsights_sitenote_active":false,"_monsterinsights_sitenote_note":"","_monsterinsights_sitenote_category":0},"product_cat":[597,596],"product_tag":[],"class_list":{"0":"post-2813","1":"product","2":"type-product","3":"status-publish","4":"has-post-thumbnail","6":"product_cat-alice-academy","7":"product_cat-maquillaje","9":"first","10":"instock","11":"shipping-taxable","12":"purchasable","13":"product-type-simple"},"jetpack_sharing_enabled":true,"amp_enabled":false,"_links":{"self":[{"href":"https:\/\/gmtvlatinos.com\/index.php\/wp-json\/wp\/v2\/product\/2813","targetHints":{"allow":["GET"]}}],"collection":[{"href":"https:\/\/gmtvlatinos.com\/index.php\/wp-json\/wp\/v2\/product"}],"about":[{"href":"https:\/\/gmtvlatinos.com\/index.php\/wp-json\/wp\/v2\/types\/product"}],"replies":[{"embeddable":true,"href":"https:\/\/gmtvlatinos.com\/index.php\/wp-json\/wp\/v2\/comments?post=2813"}],"wp:featuredmedia":[{"embeddable":true,"href":"https:\/\/gmtvlatinos.com\/index.php\/wp-json\/wp\/v2\/media\/2814"}],"wp:attachment":[{"href":"https:\/\/gmtvlatinos.com\/index.php\/wp-json\/wp\/v2\/media?parent=2813"}],"wp:term":[{"taxonomy":"product_cat","embeddable":true,"href":"https:\/\/gmtvlatinos.com\/index.php\/wp-json\/wp\/v2\/product_cat?post=2813"},{"taxonomy":"product_tag","embeddable":true,"href":"https:\/\/gmtvlatinos.com\/index.php\/wp-json\/wp\/v2\/product_tag?post=2813"}],"curies":[{"name":"wp","href":"https:\/\/api.w.org\/{rel}","templated":true}]}}